{"id":3709,"date":"2025-05-10T16:28:48","date_gmt":"2025-05-10T14:28:48","guid":{"rendered":"https:\/\/cefp.in\/?page_id=3709"},"modified":"2025-07-22T14:54:32","modified_gmt":"2025-07-22T12:54:32","slug":"le-programme-de-fidelite","status":"publish","type":"page","link":"https:\/\/cefp.in\/fr\/le-programme-de-fidelite\/","title":{"rendered":"Le Programme de Fid\u00e9lit\u00e9"},"content":{"rendered":"\n<p>Les membres sont de plus en plus nombreux, et au del\u00e0 des \u00e9v\u00e9nements, l\u2019association souhaite leur offrir des avantages toute l\u2019ann\u00e9e. C\u2019est pourquoi le Club va mettre en place 2 avantages exclusifs : un <strong>annuaire en ligne<\/strong> et une <strong>carte membre<\/strong> digitale qui donne acc\u00e8s \u00e0 des offres partenaires.<\/p>\n\n\n\n<h2 class=\"wp-block-heading\"><mark style=\"background-color:rgba(0, 0, 0, 0);color:#0c5394\" class=\"has-inline-color\">L&#8217;annuaire en Ligne<\/mark><\/h2>\n\n\n\n<p>Une des missions du Club des Entrepreneurs Fran\u00e7ais de Pondich\u00e9ry est de cr\u00e9er un r\u00e9seau local, solide et dynamique. Pour ce faire, et permettre \u00e0 tous de disposer des ressources n\u00e9cessaires, nous mettons en place un annuaire en ligne.<\/p>\n\n\n\n<p><strong><mark style=\"background-color:rgba(0, 0, 0, 0);color:#f4993d\" class=\"has-inline-color\"><em>C&#8217;est quoi ?<\/em><\/mark><br>Un annuaire en ligne<\/strong>, uniquement accessible par les Membres et Amis du Club<\/p>\n\n\n\n<p><strong><mark style=\"background-color:rgba(0, 0, 0, 0);color:#f4993d\" class=\"has-inline-color\"><em>\u00c0 quoi \u00e7a sert ?<\/em><\/mark><\/strong><br><strong>\u00c0 recenser<\/strong> tous les contacts des Membres et des Amis du Club sur une seule et m\u00eame plateforme<strong> pour agrandir et renforcer le r\u00e9seau<\/strong> de chacun.<\/p>\n\n\n\n<p><em><strong><mark style=\"background-color:rgba(0, 0, 0, 0);color:#f4993d\" class=\"has-inline-color\">Comment y acc\u00e9der ?<\/mark><\/strong><br><\/em><strong>\u00catre Membre ou Ami du Club<\/strong>, et avoir <strong>rempli le formulaire<\/strong>, aussi utilis\u00e9 pour recevoir la<strong> Carte Membre.<\/strong><\/p>\n\n\n\n<div class=\"wp-block-columns is-layout-flex wp-container-core-columns-is-layout-9d6595d7 wp-block-columns-is-layout-flex\">\n<div class=\"wp-block-column is-layout-flow wp-block-column-is-layout-flow\" style=\"flex-basis:100%\">\n<h2 class=\"wp-block-heading\"><mark style=\"background-color:rgba(0, 0, 0, 0);color:#0c5394\" class=\"has-inline-color\">La Carte Membre<\/mark><\/h2>\n<\/div>\n<\/div>\n\n\n\n<div class=\"wp-block-group is-nowrap is-layout-flex wp-container-core-group-is-layout-ad2f72ca wp-block-group-is-layout-flex\">\n<figure class=\"wp-block-image size-large is-resized\"><img fetchpriority=\"high\" decoding=\"async\" width=\"1024\" height=\"726\" src=\"https:\/\/cefp.in\/wp-content\/uploads\/2025\/04\/Audrey-PELERIN-1024x726.png\" alt=\"\" class=\"wp-image-3710\" style=\"width:563px;height:auto\" srcset=\"https:\/\/cefp.in\/wp-content\/uploads\/2025\/04\/Audrey-PELERIN-1024x726.png 1024w, https:\/\/cefp.in\/wp-content\/uploads\/2025\/04\/Audrey-PELERIN-300x213.png 300w, https:\/\/cefp.in\/wp-content\/uploads\/2025\/04\/Audrey-PELERIN-768x545.png 768w, https:\/\/cefp.in\/wp-content\/uploads\/2025\/04\/Audrey-PELERIN-1536x1090.png 1536w, https:\/\/cefp.in\/wp-content\/uploads\/2025\/04\/Audrey-PELERIN-18x12.png 18w, https:\/\/cefp.in\/wp-content\/uploads\/2025\/04\/Audrey-PELERIN-210x149.png 210w, https:\/\/cefp.in\/wp-content\/uploads\/2025\/04\/Audrey-PELERIN-254x180.png 254w, https:\/\/cefp.in\/wp-content\/uploads\/2025\/04\/Audrey-PELERIN-330x234.png 330w, https:\/\/cefp.in\/wp-content\/uploads\/2025\/04\/Audrey-PELERIN-250x177.png 250w, https:\/\/cefp.in\/wp-content\/uploads\/2025\/04\/Audrey-PELERIN-150x106.png 150w, https:\/\/cefp.in\/wp-content\/uploads\/2025\/04\/Audrey-PELERIN-500x355.png 500w, https:\/\/cefp.in\/wp-content\/uploads\/2025\/04\/Audrey-PELERIN.png 1748w\" sizes=\"(max-width: 1024px) 100vw, 1024px\" \/><\/figure>\n\n\n\n<p>Au sein du Club des Entrepreneurs Fran\u00e7ais de Pondich\u00e9ry, il nous semble primordial de remercier nos membres pour leur confiance et leur engagement, et ce, tout au long de l\u2019ann\u00e9e. C\u2019est pourquoi nous avons eu l\u2019id\u00e9e de la cr\u00e9ation de la carte membre, afin de toujours vous accompagner, au del\u00e0 du r\u00e9seau et des \u00e9v\u00e9nements.<\/p>\n<\/div>\n\n\n\n<div class=\"wp-block-columns is-layout-flex wp-container-core-columns-is-layout-9d6595d7 wp-block-columns-is-layout-flex\">\n<div class=\"wp-block-column is-layout-flow wp-block-column-is-layout-flow\" style=\"flex-basis:100%\">\n<p><strong><em><mark style=\"background-color:rgba(0, 0, 0, 0);color:#f4993d\" class=\"has-inline-color\">C&#8217;est quoi?<\/mark><\/em><\/strong><br>Une carte digitale, distribu\u00e9e \u00e0 <strong>tous nos adh\u00e9rents<\/strong> : Membres et Amis du Club.<\/p>\n\n\n\n<p><strong><em><mark style=\"background-color:rgba(0, 0, 0, 0);color:#f4993d\" class=\"has-inline-color\">\u00c0 quoi \u00e7a sert?<\/mark><\/em><\/strong><br>\u00c0 avoir des <strong>offres <\/strong>et des <strong>promotions <\/strong>dans les <strong>entreprises<\/strong> <strong>partenaires <\/strong>du Club.<\/p>\n\n\n\n<p><strong><em><mark style=\"background-color:rgba(0, 0, 0, 0);color:#f4993d\" class=\"has-inline-color\">Comment l&#8217;obtenir?<\/mark><\/em><\/strong><br>\u00catre Membre ou Ami du Club, et avoir <strong>rempli le formulaire<\/strong>, aussi utilis\u00e9 pour l\u2019annuaire.<\/p>\n<\/div>\n<\/div>\n\n\n\n<h2 class=\"wp-block-heading\"><mark style=\"background-color:rgba(0, 0, 0, 0);color:#0c5394\" class=\"has-inline-color\">Nos Partenaires<\/mark> <\/h2>\n\n\n\n<p>Nos partenaires sont les \u00e9tablissements et les entreprises qui ont accept\u00e9 de proposer une offre \u00e0 nos membres. Ce sont des restaurants, bars, caf\u00e9s, h\u00f4tels, agences de tourisme, consultants et cabinets de gestion\/finance\/conseil, assurances, salle de sport et banque\u2026<\/p>\n\n\n<div class=\"wp-block-image\">\n<figure class=\"aligncenter size-large is-resized\"><img decoding=\"async\" width=\"1024\" height=\"576\" src=\"https:\/\/cefp.in\/wp-content\/uploads\/2025\/07\/PARTENAIRES-et-OFFRES-FR-1024x576.png\" alt=\"\" class=\"wp-image-3996\" style=\"width:612px;height:auto\" srcset=\"https:\/\/cefp.in\/wp-content\/uploads\/2025\/07\/PARTENAIRES-et-OFFRES-FR-1024x576.png 1024w, https:\/\/cefp.in\/wp-content\/uploads\/2025\/07\/PARTENAIRES-et-OFFRES-FR-300x169.png 300w, https:\/\/cefp.in\/wp-content\/uploads\/2025\/07\/PARTENAIRES-et-OFFRES-FR-768x432.png 768w, https:\/\/cefp.in\/wp-content\/uploads\/2025\/07\/PARTENAIRES-et-OFFRES-FR-1536x864.png 1536w, https:\/\/cefp.in\/wp-content\/uploads\/2025\/07\/PARTENAIRES-et-OFFRES-FR-18x10.png 18w, https:\/\/cefp.in\/wp-content\/uploads\/2025\/07\/PARTENAIRES-et-OFFRES-FR-254x143.png 254w, https:\/\/cefp.in\/wp-content\/uploads\/2025\/07\/PARTENAIRES-et-OFFRES-FR-210x118.png 210w, https:\/\/cefp.in\/wp-content\/uploads\/2025\/07\/PARTENAIRES-et-OFFRES-FR-330x186.png 330w, https:\/\/cefp.in\/wp-content\/uploads\/2025\/07\/PARTENAIRES-et-OFFRES-FR-250x141.png 250w, https:\/\/cefp.in\/wp-content\/uploads\/2025\/07\/PARTENAIRES-et-OFFRES-FR.png 1920w\" sizes=\"(max-width: 1024px) 100vw, 1024px\" \/><\/figure>\n<\/div>\n\n\n<div class=\"wp-block-buttons is-content-justification-center is-layout-flex wp-container-core-buttons-is-layout-16018d1d wp-block-buttons-is-layout-flex\">\n<div class=\"wp-block-button is-style-fill\"><a class=\"wp-block-button__link has-text-align-center wp-element-button\" href=\"https:\/\/drive.google.com\/file\/d\/1zHYoEKmixOcQPEjDiaUi85cqiitckE2j\/view?usp=drive_link\"><mark style=\"background-color:rgba(0, 0, 0, 0);color:#f4993d\" class=\"has-inline-color\">D\u00e9couvrez notre programme de partenariat et nos offres !<\/mark><\/a><\/div>\n<\/div>\n\n\n\n<h2 class=\"wp-block-heading has-text-align-center\"><mark style=\"background-color:rgba(0, 0, 0, 0);color:#0c5394\" class=\"has-inline-color\">Comment rejoindre le Club ?<\/mark><\/h2>\n\n\n<div class=\"wp-block-image\">\n<figure class=\"aligncenter size-large is-resized\"><img decoding=\"async\" width=\"1011\" height=\"380\" src=\"https:\/\/cefp.in\/wp-content\/uploads\/2025\/05\/Screenshot-75-edited.png\" alt=\"\" class=\"wp-image-3867\" style=\"width:743px;height:auto\" srcset=\"https:\/\/cefp.in\/wp-content\/uploads\/2025\/05\/Screenshot-75-edited.png 1011w, https:\/\/cefp.in\/wp-content\/uploads\/2025\/05\/Screenshot-75-edited-300x113.png 300w, https:\/\/cefp.in\/wp-content\/uploads\/2025\/05\/Screenshot-75-edited-768x289.png 768w, https:\/\/cefp.in\/wp-content\/uploads\/2025\/05\/Screenshot-75-edited-18x7.png 18w, https:\/\/cefp.in\/wp-content\/uploads\/2025\/05\/Screenshot-75-edited-254x95.png 254w, https:\/\/cefp.in\/wp-content\/uploads\/2025\/05\/Screenshot-75-edited-210x79.png 210w, https:\/\/cefp.in\/wp-content\/uploads\/2025\/05\/Screenshot-75-edited-330x124.png 330w, https:\/\/cefp.in\/wp-content\/uploads\/2025\/05\/Screenshot-75-edited-250x94.png 250w\" sizes=\"(max-width: 1011px) 100vw, 1011px\" \/><\/figure>\n<\/div>\n\n\n<p><\/p>\n","protected":false},"excerpt":{"rendered":"<p>Les membres sont de plus en plus nombreux, et au del\u00e0 des \u00e9v\u00e9nements, l\u2019association souhaite leur offrir des avantages toute l\u2019ann\u00e9e. C\u2019est pourquoi le Club va mettre en place 2 [&hellip;]<\/p>\n","protected":false},"author":17,"featured_media":0,"parent":0,"menu_order":0,"comment_status":"closed","ping_status":"closed","template":"","meta":{"_EventAllDay":false,"_EventTimezone":"","_EventStartDate":"","_EventEndDate":"","_EventStartDateUTC":"","_EventEndDateUTC":"","_EventShowMap":false,"_EventShowMapLink":false,"_EventURL":"","_EventCost":"","_EventCostDescription":"","_EventCurrencySymbol":"","_EventCurrencyCode":"","_EventCurrencyPosition":"","_EventDateTimeSeparator":"","_EventTimeRangeSeparator":"","_EventOrganizerID":[],"_EventVenueID":[],"_OrganizerEmail":"","_OrganizerPhone":"","_OrganizerWebsite":"","_VenueAddress":"","_VenueCity":"","_VenueCountry":"","_VenueProvince":"","_VenueState":"","_VenueZip":"","_VenuePhone":"","_VenueURL":"","_VenueStateProvince":"","_VenueLat":"","_VenueLng":"","_VenueShowMap":false,"_VenueShowMapLink":false,"footnotes":""},"class_list":["post-3709","page","type-page","status-publish","hentry"],"yoast_head":"<!-- This site is optimized with the Yoast SEO plugin v27.4 - https:\/\/yoast.com\/product\/yoast-seo-wordpress\/ -->\n<title>Le Programme de Fid\u00e9lit\u00e9 - CEFP<\/title>\n<meta name=\"robots\" content=\"index, follow, max-snippet:-1, max-image-preview:large, max-video-preview:-1\" \/>\n<link rel=\"canonical\" href=\"https:\/\/cefp.in\/fr\/le-programme-de-fidelite\/\" \/>\n<meta property=\"og:locale\" content=\"fr_FR\" \/>\n<meta property=\"og:type\" content=\"article\" \/>\n<meta property=\"og:title\" content=\"Le Programme de Fid\u00e9lit\u00e9 - CEFP\" \/>\n<meta property=\"og:description\" content=\"Les membres sont de plus en plus nombreux, et au del\u00e0 des \u00e9v\u00e9nements, l\u2019association souhaite leur offrir des avantages toute l\u2019ann\u00e9e. C\u2019est pourquoi le Club va mettre en place 2 [&hellip;]\" \/>\n<meta property=\"og:url\" content=\"https:\/\/cefp.in\/fr\/le-programme-de-fidelite\/\" \/>\n<meta property=\"og:site_name\" content=\"CEFP\" \/>\n<meta property=\"article:modified_time\" content=\"2025-07-22T12:54:32+00:00\" \/>\n<meta property=\"og:image\" content=\"https:\/\/cefp.in\/wp-content\/uploads\/2025\/04\/Audrey-PELERIN.png\" \/>\n\t<meta property=\"og:image:width\" content=\"1748\" \/>\n\t<meta property=\"og:image:height\" content=\"1240\" \/>\n\t<meta property=\"og:image:type\" content=\"image\/png\" \/>\n<meta name=\"twitter:card\" content=\"summary_large_image\" \/>\n<meta name=\"twitter:label1\" content=\"Dur\u00e9e de lecture estim\u00e9e\" \/>\n\t<meta name=\"twitter:data1\" content=\"2 minutes\" \/>\n<script type=\"application\/ld+json\" class=\"yoast-schema-graph\">{\"@context\":\"https:\\\/\\\/schema.org\",\"@graph\":[{\"@type\":\"WebPage\",\"@id\":\"https:\\\/\\\/cefp.in\\\/le-programme-de-fidelite\\\/\",\"url\":\"https:\\\/\\\/cefp.in\\\/le-programme-de-fidelite\\\/\",\"name\":\"Le Programme de Fid\u00e9lit\u00e9 - CEFP\",\"isPartOf\":{\"@id\":\"https:\\\/\\\/cefp.in\\\/#website\"},\"primaryImageOfPage\":{\"@id\":\"https:\\\/\\\/cefp.in\\\/le-programme-de-fidelite\\\/#primaryimage\"},\"image\":{\"@id\":\"https:\\\/\\\/cefp.in\\\/le-programme-de-fidelite\\\/#primaryimage\"},\"thumbnailUrl\":\"https:\\\/\\\/cefp.in\\\/wp-content\\\/uploads\\\/2025\\\/04\\\/Audrey-PELERIN-1024x726.png\",\"datePublished\":\"2025-05-10T14:28:48+00:00\",\"dateModified\":\"2025-07-22T12:54:32+00:00\",\"breadcrumb\":{\"@id\":\"https:\\\/\\\/cefp.in\\\/le-programme-de-fidelite\\\/#breadcrumb\"},\"inLanguage\":\"fr-FR\",\"potentialAction\":[{\"@type\":\"ReadAction\",\"target\":[\"https:\\\/\\\/cefp.in\\\/le-programme-de-fidelite\\\/\"]}]},{\"@type\":\"ImageObject\",\"inLanguage\":\"fr-FR\",\"@id\":\"https:\\\/\\\/cefp.in\\\/le-programme-de-fidelite\\\/#primaryimage\",\"url\":\"https:\\\/\\\/cefp.in\\\/wp-content\\\/uploads\\\/2025\\\/04\\\/Audrey-PELERIN-1024x726.png\",\"contentUrl\":\"https:\\\/\\\/cefp.in\\\/wp-content\\\/uploads\\\/2025\\\/04\\\/Audrey-PELERIN-1024x726.png\"},{\"@type\":\"BreadcrumbList\",\"@id\":\"https:\\\/\\\/cefp.in\\\/le-programme-de-fidelite\\\/#breadcrumb\",\"itemListElement\":[{\"@type\":\"ListItem\",\"position\":1,\"name\":\"Accueil\",\"item\":\"https:\\\/\\\/cefp.in\\\/fr\\\/\"},{\"@type\":\"ListItem\",\"position\":2,\"name\":\"Le Programme de Fid\u00e9lit\u00e9\"}]},{\"@type\":\"WebSite\",\"@id\":\"https:\\\/\\\/cefp.in\\\/#website\",\"url\":\"https:\\\/\\\/cefp.in\\\/\",\"name\":\"CEFP\",\"description\":\"Club des Entrepreneurs Fran\u00e7ais de Pondich\u00e9ry\",\"potentialAction\":[{\"@type\":\"SearchAction\",\"target\":{\"@type\":\"EntryPoint\",\"urlTemplate\":\"https:\\\/\\\/cefp.in\\\/?s={search_term_string}\"},\"query-input\":{\"@type\":\"PropertyValueSpecification\",\"valueRequired\":true,\"valueName\":\"search_term_string\"}}],\"inLanguage\":\"fr-FR\"}]}<\/script>\n<!-- \/ Yoast SEO plugin. -->","yoast_head_json":{"title":"Le Programme de Fid\u00e9lit\u00e9 - CEFP","robots":{"index":"index","follow":"follow","max-snippet":"max-snippet:-1","max-image-preview":"max-image-preview:large","max-video-preview":"max-video-preview:-1"},"canonical":"https:\/\/cefp.in\/fr\/le-programme-de-fidelite\/","og_locale":"fr_FR","og_type":"article","og_title":"Le Programme de Fid\u00e9lit\u00e9 - CEFP","og_description":"Les membres sont de plus en plus nombreux, et au del\u00e0 des \u00e9v\u00e9nements, l\u2019association souhaite leur offrir des avantages toute l\u2019ann\u00e9e. C\u2019est pourquoi le Club va mettre en place 2 [&hellip;]","og_url":"https:\/\/cefp.in\/fr\/le-programme-de-fidelite\/","og_site_name":"CEFP","article_modified_time":"2025-07-22T12:54:32+00:00","og_image":[{"width":1748,"height":1240,"url":"https:\/\/cefp.in\/wp-content\/uploads\/2025\/04\/Audrey-PELERIN.png","type":"image\/png"}],"twitter_card":"summary_large_image","twitter_misc":{"Dur\u00e9e de lecture estim\u00e9e":"2 minutes"},"schema":{"@context":"https:\/\/schema.org","@graph":[{"@type":"WebPage","@id":"https:\/\/cefp.in\/le-programme-de-fidelite\/","url":"https:\/\/cefp.in\/le-programme-de-fidelite\/","name":"Le Programme de Fid\u00e9lit\u00e9 - CEFP","isPartOf":{"@id":"https:\/\/cefp.in\/#website"},"primaryImageOfPage":{"@id":"https:\/\/cefp.in\/le-programme-de-fidelite\/#primaryimage"},"image":{"@id":"https:\/\/cefp.in\/le-programme-de-fidelite\/#primaryimage"},"thumbnailUrl":"https:\/\/cefp.in\/wp-content\/uploads\/2025\/04\/Audrey-PELERIN-1024x726.png","datePublished":"2025-05-10T14:28:48+00:00","dateModified":"2025-07-22T12:54:32+00:00","breadcrumb":{"@id":"https:\/\/cefp.in\/le-programme-de-fidelite\/#breadcrumb"},"inLanguage":"fr-FR","potentialAction":[{"@type":"ReadAction","target":["https:\/\/cefp.in\/le-programme-de-fidelite\/"]}]},{"@type":"ImageObject","inLanguage":"fr-FR","@id":"https:\/\/cefp.in\/le-programme-de-fidelite\/#primaryimage","url":"https:\/\/cefp.in\/wp-content\/uploads\/2025\/04\/Audrey-PELERIN-1024x726.png","contentUrl":"https:\/\/cefp.in\/wp-content\/uploads\/2025\/04\/Audrey-PELERIN-1024x726.png"},{"@type":"BreadcrumbList","@id":"https:\/\/cefp.in\/le-programme-de-fidelite\/#breadcrumb","itemListElement":[{"@type":"ListItem","position":1,"name":"Accueil","item":"https:\/\/cefp.in\/fr\/"},{"@type":"ListItem","position":2,"name":"Le Programme de Fid\u00e9lit\u00e9"}]},{"@type":"WebSite","@id":"https:\/\/cefp.in\/#website","url":"https:\/\/cefp.in\/","name":"CEFP","description":"Club des Entrepreneurs Fran\u00e7ais de Pondich\u00e9ry","potentialAction":[{"@type":"SearchAction","target":{"@type":"EntryPoint","urlTemplate":"https:\/\/cefp.in\/?s={search_term_string}"},"query-input":{"@type":"PropertyValueSpecification","valueRequired":true,"valueName":"search_term_string"}}],"inLanguage":"fr-FR"}]}},"featured_image_src":null,"featured_image_src_square":null,"_links":{"self":[{"href":"https:\/\/cefp.in\/fr\/wp-json\/wp\/v2\/pages\/3709","targetHints":{"allow":["GET"]}}],"collection":[{"href":"https:\/\/cefp.in\/fr\/wp-json\/wp\/v2\/pages"}],"about":[{"href":"https:\/\/cefp.in\/fr\/wp-json\/wp\/v2\/types\/page"}],"author":[{"embeddable":true,"href":"https:\/\/cefp.in\/fr\/wp-json\/wp\/v2\/users\/17"}],"replies":[{"embeddable":true,"href":"https:\/\/cefp.in\/fr\/wp-json\/wp\/v2\/comments?post=3709"}],"version-history":[{"count":42,"href":"https:\/\/cefp.in\/fr\/wp-json\/wp\/v2\/pages\/3709\/revisions"}],"predecessor-version":[{"id":4009,"href":"https:\/\/cefp.in\/fr\/wp-json\/wp\/v2\/pages\/3709\/revisions\/4009"}],"wp:attachment":[{"href":"https:\/\/cefp.in\/fr\/wp-json\/wp\/v2\/media?parent=3709"}],"curies":[{"name":"wp","href":"https:\/\/api.w.org\/{rel}","templated":true}]}}