{"id":1397,"date":"2021-10-30T13:45:37","date_gmt":"2021-10-30T11:45:37","guid":{"rendered":"https:\/\/cefp.in\/?page_id=1397"},"modified":"2025-06-04T17:11:08","modified_gmt":"2025-06-04T15:11:08","slug":"nous-rejoindre","status":"publish","type":"page","link":"https:\/\/cefp.in\/fr\/nous-rejoindre\/","title":{"rendered":"Rejoignez le club !"},"content":{"rendered":"\t\t<div data-elementor-type=\"wp-page\" data-elementor-id=\"1397\" class=\"elementor elementor-1397\">\n\t\t\t\t<div class=\"elementor-element elementor-element-7a8e34d4 e-flex e-con-boxed e-con e-parent\" data-id=\"7a8e34d4\" data-element_type=\"container\">\n\t\t\t\t\t<div class=\"e-con-inner\">\n\t\t<div class=\"elementor-element elementor-element-edf774d e-con-full e-flex e-con e-child\" data-id=\"edf774d\" data-element_type=\"container\">\n\t\t\t\t<div class=\"elementor-element elementor-element-0eabcdd elementor-widget elementor-widget-text-editor\" data-id=\"0eabcdd\" data-element_type=\"widget\" data-widget_type=\"text-editor.default\">\n\t\t\t\t<div class=\"elementor-widget-container\">\n\t\t\t\t\t\t\t\t\t<h5><em>En devenant membre ou ami, vous acc\u00e9dez \u00e0 un r\u00e9seau dynamique d&#8217;entrepreneurs Fran\u00e7ais \u00e0 Pondich\u00e9ry et en Inde. B\u00e9n\u00e9ficiez de connexions pr\u00e9cieuses, d&#8217;\u00e9changes d&#8217;expertise, et d&#8217;opportunit\u00e9s uniques pour booster votre d\u00e9veloppement.<\/em><\/h5>\t\t\t\t\t\t\t\t<\/div>\n\t\t\t\t<\/div>\n\t\t\t\t<div class=\"elementor-element elementor-element-021aff0 elementor-widget elementor-widget-heading\" data-id=\"021aff0\" data-element_type=\"widget\" data-widget_type=\"heading.default\">\n\t\t\t\t<div class=\"elementor-widget-container\">\n\t\t\t\t\t<h3 class=\"elementor-heading-title elementor-size-default\">Vos avantages :<\/h3>\t\t\t\t<\/div>\n\t\t\t\t<\/div>\n\t\t\t\t<div class=\"elementor-element elementor-element-5f01774 elementor-widget elementor-widget-text-editor\" data-id=\"5f01774\" data-element_type=\"widget\" data-widget_type=\"text-editor.default\">\n\t\t\t\t<div class=\"elementor-widget-container\">\n\t\t\t\t\t\t\t\t\t<ul><li aria-level=\"1\"><span style=\"color: #183088;\"><b>Acc\u00e9l\u00e9rateur de succ\u00e8s &amp; expansion strat\u00e9gique :<\/b> Int\u00e9grez un r\u00e9seau dynamique qui propulse votre entreprise vers de nouvelles opportunit\u00e9s. D\u00e9veloppez votre activit\u00e9 \u00e0 Pondich\u00e9ry et au-del\u00e0, avec le soutien d\u2019entrepreneurs exp\u00e9riment\u00e9s qui connaissent bien le march\u00e9 local.<\/span><\/li><li aria-level=\"1\"><span style=\"color: #183088;\"><b>Mentorat &amp; r\u00e9seautage exclusif : <\/b>B\u00e9n\u00e9ficiez du mentorat de dirigeants aguerris et connectez-vous avec des professionnels partageant vos ambitions. Partagez vos exp\u00e9riences, obtenez des conseils avis\u00e9s et \u00e9vitez les erreurs courantes pour maximiser vos chances de succ\u00e8s.<\/span><\/li><li aria-level=\"1\"><span style=\"color: #183088;\"><b>\u00c9v\u00e9nements sur mesure : <\/b>Participez \u00e0 nos formations, conf\u00e9rences, et \u00e9v\u00e9nements de networking con\u00e7us pour r\u00e9pondre \u00e0 vos besoins sp\u00e9cifiques. Rencontrez les leaders du secteur et cr\u00e9ez des partenariats qui peuvent transformer votre business.<\/span><\/li><li aria-level=\"1\"><span style=\"color: #183088;\"><b>Visibilit\u00e9 accrue : <\/b>Associez votre nom au CEFP et gagnez en notori\u00e9t\u00e9 au sein de la communaut\u00e9. Rejoignez un groupe d\u2019entrepreneurs innovants, en renfor\u00e7ant la cr\u00e9dibilit\u00e9 et la r\u00e9putation de votre entreprise.<\/span><\/li><li aria-level=\"1\"><span style=\"color: #183088;\"><b>Acc\u00e8s privil\u00e9gi\u00e9 &amp; ressources exclusives : <\/b>Profitez d\u2019un acc\u00e8s exclusif \u00e0 nos \u00e9v\u00e9nements, notre annuaire en ligne, et \u00e0 une carte membre d\u00e9di\u00e9e.<\/span><\/li><li aria-level=\"1\"><strong>Le programme de fid\u00e9lit\u00e9 : <\/strong>Acc\u00e9dez \u00e0 un r\u00e9seau de partenaires locaux &#8211;\u00a0restaurants, bars, caf\u00e9s, h\u00f4tels, agences de tourisme, consultants et cabinets de gestion\/finance\/conseil, assurances, salle de sport et banque et b\u00e9n\u00e9ficiez de r\u00e9ductions et d\u2019exp\u00e9riences privil\u00e9gi\u00e9es.<\/li><\/ul>\t\t\t\t\t\t\t\t<\/div>\n\t\t\t\t<\/div>\n\t\t\t\t<div class=\"elementor-element elementor-element-96c8d39 elementor-widget elementor-widget-heading\" data-id=\"96c8d39\" data-element_type=\"widget\" data-widget_type=\"heading.default\">\n\t\t\t\t<div class=\"elementor-widget-container\">\n\t\t\t\t\t<h3 class=\"elementor-heading-title elementor-size-default\">Vos engagements : <\/h3>\t\t\t\t<\/div>\n\t\t\t\t<\/div>\n\t\t\t\t<div class=\"elementor-element elementor-element-afb0693 elementor-widget elementor-widget-text-editor\" data-id=\"afb0693\" data-element_type=\"widget\" data-widget_type=\"text-editor.default\">\n\t\t\t\t<div class=\"elementor-widget-container\">\n\t\t\t\t\t\t\t\t\t<ul>\n<li aria-level=\"1\"><span style=\"color: #183088;\"><strong>Contribuez aux d\u00e9cisions strat\u00e9giques<\/strong> et participez \u00e0 la vie de l\u2019association.<\/span><\/li>\n<li aria-level=\"1\"><span style=\"color: #183088;\"><strong>\u00c9changez vos connaissances<\/strong> et exp\u00e9riences avec d\u2019autres membres.<\/span><\/li>\n<li aria-level=\"1\"><span style=\"color: #183088;\"><strong>Participez au d\u00e9veloppement du CEFP<\/strong> avec une contribution annuelle de <strong>INR 5000<\/strong>.<\/span><\/li>\n<\/ul>\t\t\t\t\t\t\t\t<\/div>\n\t\t\t\t<\/div>\n\t\t\t\t<\/div>\n\t\t\t\t<div class=\"elementor-element elementor-element-e10833c elementor-align-center elementor-widget elementor-widget-button\" data-id=\"e10833c\" data-element_type=\"widget\" data-widget_type=\"button.default\">\n\t\t\t\t<div class=\"elementor-widget-container\">\n\t\t\t\t\t\t\t\t\t<div class=\"elementor-button-wrapper\">\n\t\t\t\t\t<a class=\"elementor-button elementor-button-link elementor-size-sm\" href=\"https:\/\/cefp.in\/fr\/inscription\/\">\n\t\t\t\t\t\t<span class=\"elementor-button-content-wrapper\">\n\t\t\t\t\t\t\t\t\t<span class=\"elementor-button-text\">S'inscrire<\/span>\n\t\t\t\t\t<\/span>\n\t\t\t\t\t<\/a>\n\t\t\t\t<\/div>\n\t\t\t\t\t\t\t\t<\/div>\n\t\t\t\t<\/div>\n\t\t\t\t\t<\/div>\n\t\t\t\t<\/div>\n\t\t\t\t<\/div>\n\t\t","protected":false},"excerpt":{"rendered":"<p>En devenant membre ou ami, vous acc\u00e9dez \u00e0 un r\u00e9seau dynamique d&#8217;entrepreneurs Fran\u00e7ais \u00e0 Pondich\u00e9ry et en Inde. B\u00e9n\u00e9ficiez de connexions pr\u00e9cieuses, d&#8217;\u00e9changes d&#8217;expertise, et d&#8217;opportunit\u00e9s uniques pour booster votre [&hellip;]<\/p>\n","protected":false},"author":1,"featured_media":0,"parent":0,"menu_order":0,"comment_status":"closed","ping_status":"closed","template":"","meta":{"_EventAllDay":false,"_EventTimezone":"","_EventStartDate":"","_EventEndDate":"","_EventStartDateUTC":"","_EventEndDateUTC":"","_EventShowMap":false,"_EventShowMapLink":false,"_EventURL":"","_EventCost":"","_EventCostDescription":"","_EventCurrencySymbol":"","_EventCurrencyCode":"","_EventCurrencyPosition":"","_EventDateTimeSeparator":"","_EventTimeRangeSeparator":"","_EventOrganizerID":[],"_EventVenueID":[],"_OrganizerEmail":"","_OrganizerPhone":"","_OrganizerWebsite":"","_VenueAddress":"","_VenueCity":"","_VenueCountry":"","_VenueProvince":"","_VenueState":"","_VenueZip":"","_VenuePhone":"","_VenueURL":"","_VenueStateProvince":"","_VenueLat":"","_VenueLng":"","_VenueShowMap":false,"_VenueShowMapLink":false,"footnotes":""},"class_list":["post-1397","page","type-page","status-publish","hentry"],"yoast_head":"<!-- This site is optimized with the Yoast SEO plugin v27.4 - https:\/\/yoast.com\/product\/yoast-seo-wordpress\/ -->\n<title>Rejoignez le club ! - CEFP<\/title>\n<meta name=\"robots\" content=\"index, follow, max-snippet:-1, max-image-preview:large, max-video-preview:-1\" \/>\n<link rel=\"canonical\" href=\"https:\/\/cefp.in\/fr\/nous-rejoindre\/\" \/>\n<meta property=\"og:locale\" content=\"fr_FR\" \/>\n<meta property=\"og:type\" content=\"article\" \/>\n<meta property=\"og:title\" content=\"Rejoignez le club ! - CEFP\" \/>\n<meta property=\"og:description\" content=\"En devenant membre ou ami, vous acc\u00e9dez \u00e0 un r\u00e9seau dynamique d&#8217;entrepreneurs Fran\u00e7ais \u00e0 Pondich\u00e9ry et en Inde. B\u00e9n\u00e9ficiez de connexions pr\u00e9cieuses, d&#8217;\u00e9changes d&#8217;expertise, et d&#8217;opportunit\u00e9s uniques pour booster votre [&hellip;]\" \/>\n<meta property=\"og:url\" content=\"https:\/\/cefp.in\/fr\/nous-rejoindre\/\" \/>\n<meta property=\"og:site_name\" content=\"CEFP\" \/>\n<meta property=\"article:modified_time\" content=\"2025-06-04T15:11:08+00:00\" \/>\n<meta name=\"twitter:card\" content=\"summary_large_image\" \/>\n<meta name=\"twitter:label1\" content=\"Dur\u00e9e de lecture estim\u00e9e\" \/>\n\t<meta name=\"twitter:data1\" content=\"2 minutes\" \/>\n<script type=\"application\/ld+json\" class=\"yoast-schema-graph\">{\"@context\":\"https:\\\/\\\/schema.org\",\"@graph\":[{\"@type\":\"WebPage\",\"@id\":\"https:\\\/\\\/cefp.in\\\/nous-rejoindre\\\/\",\"url\":\"https:\\\/\\\/cefp.in\\\/nous-rejoindre\\\/\",\"name\":\"Rejoignez le club ! - CEFP\",\"isPartOf\":{\"@id\":\"https:\\\/\\\/cefp.in\\\/#website\"},\"datePublished\":\"2021-10-30T11:45:37+00:00\",\"dateModified\":\"2025-06-04T15:11:08+00:00\",\"breadcrumb\":{\"@id\":\"https:\\\/\\\/cefp.in\\\/nous-rejoindre\\\/#breadcrumb\"},\"inLanguage\":\"fr-FR\",\"potentialAction\":[{\"@type\":\"ReadAction\",\"target\":[\"https:\\\/\\\/cefp.in\\\/nous-rejoindre\\\/\"]}]},{\"@type\":\"BreadcrumbList\",\"@id\":\"https:\\\/\\\/cefp.in\\\/nous-rejoindre\\\/#breadcrumb\",\"itemListElement\":[{\"@type\":\"ListItem\",\"position\":1,\"name\":\"Accueil\",\"item\":\"https:\\\/\\\/cefp.in\\\/fr\\\/\"},{\"@type\":\"ListItem\",\"position\":2,\"name\":\"Rejoignez le club !\"}]},{\"@type\":\"WebSite\",\"@id\":\"https:\\\/\\\/cefp.in\\\/#website\",\"url\":\"https:\\\/\\\/cefp.in\\\/\",\"name\":\"CEFP\",\"description\":\"Club des Entrepreneurs Fran\u00e7ais de Pondich\u00e9ry\",\"potentialAction\":[{\"@type\":\"SearchAction\",\"target\":{\"@type\":\"EntryPoint\",\"urlTemplate\":\"https:\\\/\\\/cefp.in\\\/?s={search_term_string}\"},\"query-input\":{\"@type\":\"PropertyValueSpecification\",\"valueRequired\":true,\"valueName\":\"search_term_string\"}}],\"inLanguage\":\"fr-FR\"}]}<\/script>\n<!-- \/ Yoast SEO plugin. -->","yoast_head_json":{"title":"Rejoignez le club ! - CEFP","robots":{"index":"index","follow":"follow","max-snippet":"max-snippet:-1","max-image-preview":"max-image-preview:large","max-video-preview":"max-video-preview:-1"},"canonical":"https:\/\/cefp.in\/fr\/nous-rejoindre\/","og_locale":"fr_FR","og_type":"article","og_title":"Rejoignez le club ! - CEFP","og_description":"En devenant membre ou ami, vous acc\u00e9dez \u00e0 un r\u00e9seau dynamique d&#8217;entrepreneurs Fran\u00e7ais \u00e0 Pondich\u00e9ry et en Inde. B\u00e9n\u00e9ficiez de connexions pr\u00e9cieuses, d&#8217;\u00e9changes d&#8217;expertise, et d&#8217;opportunit\u00e9s uniques pour booster votre [&hellip;]","og_url":"https:\/\/cefp.in\/fr\/nous-rejoindre\/","og_site_name":"CEFP","article_modified_time":"2025-06-04T15:11:08+00:00","twitter_card":"summary_large_image","twitter_misc":{"Dur\u00e9e de lecture estim\u00e9e":"2 minutes"},"schema":{"@context":"https:\/\/schema.org","@graph":[{"@type":"WebPage","@id":"https:\/\/cefp.in\/nous-rejoindre\/","url":"https:\/\/cefp.in\/nous-rejoindre\/","name":"Rejoignez le club ! - CEFP","isPartOf":{"@id":"https:\/\/cefp.in\/#website"},"datePublished":"2021-10-30T11:45:37+00:00","dateModified":"2025-06-04T15:11:08+00:00","breadcrumb":{"@id":"https:\/\/cefp.in\/nous-rejoindre\/#breadcrumb"},"inLanguage":"fr-FR","potentialAction":[{"@type":"ReadAction","target":["https:\/\/cefp.in\/nous-rejoindre\/"]}]},{"@type":"BreadcrumbList","@id":"https:\/\/cefp.in\/nous-rejoindre\/#breadcrumb","itemListElement":[{"@type":"ListItem","position":1,"name":"Accueil","item":"https:\/\/cefp.in\/fr\/"},{"@type":"ListItem","position":2,"name":"Rejoignez le club !"}]},{"@type":"WebSite","@id":"https:\/\/cefp.in\/#website","url":"https:\/\/cefp.in\/","name":"CEFP","description":"Club des Entrepreneurs Fran\u00e7ais de Pondich\u00e9ry","potentialAction":[{"@type":"SearchAction","target":{"@type":"EntryPoint","urlTemplate":"https:\/\/cefp.in\/?s={search_term_string}"},"query-input":{"@type":"PropertyValueSpecification","valueRequired":true,"valueName":"search_term_string"}}],"inLanguage":"fr-FR"}]}},"featured_image_src":null,"featured_image_src_square":null,"_links":{"self":[{"href":"https:\/\/cefp.in\/fr\/wp-json\/wp\/v2\/pages\/1397","targetHints":{"allow":["GET"]}}],"collection":[{"href":"https:\/\/cefp.in\/fr\/wp-json\/wp\/v2\/pages"}],"about":[{"href":"https:\/\/cefp.in\/fr\/wp-json\/wp\/v2\/types\/page"}],"author":[{"embeddable":true,"href":"https:\/\/cefp.in\/fr\/wp-json\/wp\/v2\/users\/1"}],"replies":[{"embeddable":true,"href":"https:\/\/cefp.in\/fr\/wp-json\/wp\/v2\/comments?post=1397"}],"version-history":[{"count":54,"href":"https:\/\/cefp.in\/fr\/wp-json\/wp\/v2\/pages\/1397\/revisions"}],"predecessor-version":[{"id":3894,"href":"https:\/\/cefp.in\/fr\/wp-json\/wp\/v2\/pages\/1397\/revisions\/3894"}],"wp:attachment":[{"href":"https:\/\/cefp.in\/fr\/wp-json\/wp\/v2\/media?parent=1397"}],"curies":[{"name":"wp","href":"https:\/\/api.w.org\/{rel}","templated":true}]}}